{"id":5074,"date":"2025-06-04T23:52:19","date_gmt":"2025-06-04T23:52:19","guid":{"rendered":"https:\/\/www.dryject.com\/?page_id=5074"},"modified":"2025-08-06T15:56:45","modified_gmt":"2025-08-06T19:56:45","slug":"privacy-policy","status":"publish","type":"page","link":"https:\/\/www.dryject.com\/es\/privacy-policy\/","title":{"rendered":"Pol\u00edtica de privacidad"},"content":{"rendered":"<div data-elementor-type=\"wp-page\" data-elementor-id=\"5074\" class=\"elementor elementor-5074\" data-elementor-post-type=\"page\">\n\t\t\t\t\t\t<section class=\"elementor-section elementor-top-section elementor-element elementor-element-5591255d elementor-section-height-min-height elementor-section-items-bottom elementor-section-content-top elementor-section-stretched elementor-section-boxed elementor-section-height-default\" data-id=\"5591255d\" data-element_type=\"section\" data-e-type=\"section\" data-settings=\"{&quot;background_background&quot;:&quot;classic&quot;,&quot;stretch_section&quot;:&quot;section-stretched&quot;}\">\n\t\t\t\t\t\t<div class=\"elementor-container elementor-column-gap-default\">\n\t\t\t\t\t<div class=\"elementor-column elementor-col-100 elementor-top-column elementor-element elementor-element-5f4d3a32\" data-id=\"5f4d3a32\" data-element_type=\"column\" data-e-type=\"column\">\n\t\t\t<div class=\"elementor-widget-wrap elementor-element-populated\">\n\t\t\t\t\t\t<div class=\"elementor-element elementor-element-308c99d4 elementor-widget__width-initial elementor-widget elementor-widget-heading\" data-id=\"308c99d4\" data-element_type=\"widget\" data-e-type=\"widget\" data-widget_type=\"heading.default\">\n\t\t\t\t<div class=\"elementor-widget-container\">\n\t\t\t\t\t<h2 class=\"elementor-heading-title elementor-size-default\">Pol\u00edtica de privacidad<\/h2>\t\t\t\t<\/div>\n\t\t\t\t<\/div>\n\t\t\t\t\t<\/div>\n\t\t<\/div>\n\t\t\t\t\t<\/div>\n\t\t<\/section>\n\t\t<div class=\"elementor-element elementor-element-1d8ab49d e-flex e-con-boxed e-con e-parent\" data-id=\"1d8ab49d\" data-element_type=\"container\" data-e-type=\"container\">\n\t\t\t\t\t<div class=\"e-con-inner\">\n\t\t\t\t<div class=\"elementor-element elementor-element-178590a2 elementor-widget elementor-widget-text-editor\" data-id=\"178590a2\" data-element_type=\"widget\" data-e-type=\"widget\" data-widget_type=\"text-editor.default\">\n\t\t\t\t<div class=\"elementor-widget-container\">\n\t\t\t\t\t\t\t\t\t<p>At dryject.com, one of our main priorities is the privacy of our visitors. This Privacy Policy document contains types of information that is collected and recorded by dryject.com and how we use it.<\/p><p>If you have additional questions or require more information about our Privacy Policy, do not hesitate to contact us.<\/p><p>This Privacy Policy applies only to our online activities and is valid for visitors to our website with regard to the information that they share and\/or collect on dryject.com. This policy is not applicable to any information collected offline or via channels other than this website. Our Privacy Policy was created with the help of the TermsFeed Privacy Policy Generator.<\/p><h2>Consentimiento<\/h2><p>Al utilizar nuestro sitio web, usted acepta nuestra Pol\u00edtica de privacidad y est\u00e1 de acuerdo con sus t\u00e9rminos.<\/p><h2>Informaci\u00f3n que recopilamos<\/h2><p>The personal information that you are asked to provide, along with the reasons why it is requested, will be clearly explained to you at the time we request your personal information.<\/p><p>If you contact us directly, we may receive additional information about you such as your name, email address, phone number, the contents of the message and\/or attachments you may send us, and any other information you may choose to provide.<\/p><p>When you register for an Account, we may ask for your contact information, including items such as name, company name, address, email address, and telephone number.<\/p><h2>C\u00f3mo utilizamos su informaci\u00f3n<\/h2><p>Utilizamos la informaci\u00f3n que recopilamos de varias formas, entre ellas para:<\/p><ul><li>Proporcionar, operar y mantener nuestro sitio web<\/li><li>Mejorar, personalizar y ampliar nuestro sitio web<\/li><li>Comprender y analizar c\u00f3mo utiliza nuestro sitio web<\/li><li>Desarrollar nuevos productos, servicios, caracter\u00edsticas y funcionalidades<\/li><li>Comunicarnos con usted, ya sea directamente o a trav\u00e9s de uno de nuestros socios, por ejemplo con fines de atenci\u00f3n al cliente, para proporcionarle actualizaciones y otra informaci\u00f3n relacionada con el sitio web, y con fines promocionales y de marketing.<\/li><li>Enviarle correos electr\u00f3nicos<\/li><li>Detectar y prevenir el fraude<\/li><\/ul><h2>Archivos de registro<\/h2><p>dryject.com sigue un procedimiento est\u00e1ndar de uso de archivos de registro. Estos archivos registran a los visitantes cuando visitan los sitios web. Todas las empresas de alojamiento hacen esto y forma parte de los an\u00e1lisis de los servicios de alojamiento. La informaci\u00f3n recogida por los archivos de registro incluyen direcciones de protocolo de Internet (IP), tipo de navegador, proveedor de servicios de Internet (ISP), fecha y hora, p\u00e1ginas de referencia \/ salida, y posiblemente el n\u00famero de clics. Estos datos no est\u00e1n vinculados a ninguna informaci\u00f3n que permita la identificaci\u00f3n personal. El prop\u00f3sito de la informaci\u00f3n es analizar tendencias, administrar el sitio, rastrear los movimientos de los usuarios en el sitio web y recopilar informaci\u00f3n demogr\u00e1fica.<\/p><h2>Socios publicitarios Pol\u00edticas de privacidad<\/h2><p>Puede consultar esta lista para encontrar la Pol\u00edtica de Privacidad de cada uno de los socios publicitarios de <a href=\"https:\/\/www.dryject.com\/es\/\">dryject.com<\/a>.<\/p><p>Third-party ad servers or ad networks uses technologies like cookies, JavaScript, or Web Beacons that are used in their respective advertisements and links that appear on dryject.com, which are sent directly to users&#8217; browser. They automatically receive your IP address when this occurs. These technologies are used to measure the effectiveness of their advertising campaigns and\/or to personalize the advertising content that you see on websites that you visit.<\/p><p>Note that dryject.com has no access to or control over these cookies that are used by third-party advertisers.<\/p><h2>Pol\u00edticas de privacidad de terceros<\/h2><p>Dryject.com&#8217;s Privacy Policy does not apply to other advertisers or websites. Thus, we are advising you to consult the respective Privacy Policies of these third-party ad servers for more detailed information. It may include their practices and instructions about how to opt-out of certain options.<\/p><p>You can choose to disable cookies through your individual browser options. To know more detailed information about cookie management with specific web browsers, it can be found at the browsers&#8217; respective websites.<\/p><h2>Derechos de privacidad CCPA (No vender mi informaci\u00f3n personal)<\/h2><p>Under the CCPA, among other rights, California consumers have the right to:<\/p><p>Request that a business that collects a consumer&#8217;s personal data disclose the categories and specific pieces of personal data that a business has collected about consumers.<\/p><p>Request that a business delete any personal data about the consumer that a business has collected.<\/p><p>Request that a business that sells a consumer&#8217;s personal data, not sell the consumer&#8217;s personal data.<\/p><p>If you make a request, we have one month to respond to you. If you would like to exercise any of these rights, please contact us.<\/p><h2>Derechos de protecci\u00f3n de datos GDPR<\/h2><p>We would like to make sure you are fully aware of all of your data protection rights. Every user is entitled to the following:<\/p><p>The right to access \u2013 You have the right to request copies of your personal data. We may charge you a small fee for this service.<\/p><p>The right to rectification \u2013 You have the right to request that we correct any information you believe is inaccurate. You also have the right to request that we complete the information you believe is incomplete.<\/p><p>The right to erasure \u2013 You have the right to request that we erase your personal data, under certain conditions.<\/p><p>The right to restrict processing \u2013 You have the right to request that we restrict the processing of your personal data, under certain conditions.<\/p><p>The right to object to processing \u2013 You have the right to object to our processing of your personal data, under certain conditions.<\/p><p>The right to data portability \u2013 You have the right to request that we transfer the data that we have collected to another organization, or directly to you, under certain conditions.<\/p><p>If you make a request, we have one month to respond to you. If you would like to exercise any of these rights, please contact us.<\/p><h2>Informaci\u00f3n infantil<\/h2><p>Another part of our priority is adding protection for children while using the internet. We encourage parents and guardians to observe, participate in, and\/or monitor and guide their online activity.<\/p><p>Dryject.com does not knowingly collect any Personal Identifiable Information from children under the age of 13. If you think that your child provided this kind of information on our website, we strongly encourage you to contact us immediately and we will do our best efforts to promptly remove such information from our records.<\/p>\t\t\t\t\t\t\t\t<\/div>\n\t\t\t\t<\/div>\n\t\t\t\t\t<\/div>\n\t\t\t\t<\/div>\n\t\t\t\t<\/div>","protected":false},"excerpt":{"rendered":"<p>Privacy Policy At dryject.com, one of our main priorities is the privacy of our visitors. This Privacy Policy document contains types of information that is collected and recorded by dryject.com and how we use it. If you have additional questions or require more information about our Privacy Policy, do not hesitate to contact us. This [&hellip;]<\/p>\n","protected":false},"author":104,"featured_media":0,"parent":0,"menu_order":0,"comment_status":"closed","ping_status":"closed","template":"","meta":{"footnotes":""},"class_list":["post-5074","page","type-page","status-publish","hentry"],"yoast_head":"<!-- This site is optimized with the Yoast SEO plugin v27.4 - https:\/\/yoast.com\/product\/yoast-seo-wordpress\/ -->\n<title>Privacy Policy - DryJect<\/title>\n<meta name=\"description\" content=\"Learn how DryJect\u00ae protects your privacy. Read our policy on data collection, usage, and security for visitors, customers, and franchise inquiries.\" \/>\n<meta name=\"robots\" content=\"index, follow, max-snippet:-1, max-image-preview:large, max-video-preview:-1\" \/>\n<link rel=\"canonical\" href=\"https:\/\/www.dryject.com\/es\/privacy-policy\/\" \/>\n<meta property=\"og:locale\" content=\"es_MX\" \/>\n<meta property=\"og:type\" content=\"article\" \/>\n<meta property=\"og:title\" content=\"Privacy Policy - DryJect\" \/>\n<meta property=\"og:description\" content=\"Learn how DryJect\u00ae protects your privacy. Read our policy on data collection, usage, and security for visitors, customers, and franchise inquiries.\" \/>\n<meta property=\"og:url\" content=\"https:\/\/www.dryject.com\/es\/privacy-policy\/\" \/>\n<meta property=\"og:site_name\" content=\"DryJect\" \/>\n<meta property=\"article:publisher\" content=\"https:\/\/www.facebook.com\/people\/DryJect\/100058309129930\/\" \/>\n<meta property=\"article:modified_time\" content=\"2025-08-06T19:56:45+00:00\" \/>\n<meta name=\"twitter:card\" content=\"summary_large_image\" \/>\n<meta name=\"twitter:site\" content=\"@DryJect\" \/>\n<meta name=\"twitter:label1\" content=\"Tiempo de lectura\" \/>\n\t<meta name=\"twitter:data1\" content=\"5 minutos\" \/>\n<script type=\"application\/ld+json\" class=\"yoast-schema-graph\">{\"@context\":\"https:\\\/\\\/schema.org\",\"@graph\":[{\"@type\":\"WebPage\",\"@id\":\"https:\\\/\\\/www.dryject.com\\\/privacy-policy\\\/\",\"url\":\"https:\\\/\\\/www.dryject.com\\\/privacy-policy\\\/\",\"name\":\"Privacy Policy - DryJect\",\"isPartOf\":{\"@id\":\"https:\\\/\\\/www.dryject.com\\\/#website\"},\"datePublished\":\"2025-06-04T23:52:19+00:00\",\"dateModified\":\"2025-08-06T19:56:45+00:00\",\"description\":\"Learn how DryJect\u00ae protects your privacy. Read our policy on data collection, usage, and security for visitors, customers, and franchise inquiries.\",\"breadcrumb\":{\"@id\":\"https:\\\/\\\/www.dryject.com\\\/privacy-policy\\\/#breadcrumb\"},\"inLanguage\":\"es\",\"potentialAction\":[{\"@type\":\"ReadAction\",\"target\":[\"https:\\\/\\\/www.dryject.com\\\/privacy-policy\\\/\"]}]},{\"@type\":\"BreadcrumbList\",\"@id\":\"https:\\\/\\\/www.dryject.com\\\/privacy-policy\\\/#breadcrumb\",\"itemListElement\":[{\"@type\":\"ListItem\",\"position\":1,\"name\":\"Home\",\"item\":\"https:\\\/\\\/www.dryject.com\\\/\"},{\"@type\":\"ListItem\",\"position\":2,\"name\":\"Privacy Policy\"}]},{\"@type\":\"WebSite\",\"@id\":\"https:\\\/\\\/www.dryject.com\\\/#website\",\"url\":\"https:\\\/\\\/www.dryject.com\\\/\",\"name\":\"DryJect\",\"description\":\"Aerification and soil amendments in one pass!\",\"publisher\":{\"@id\":\"https:\\\/\\\/www.dryject.com\\\/#organization\"},\"potentialAction\":[{\"@type\":\"SearchAction\",\"target\":{\"@type\":\"EntryPoint\",\"urlTemplate\":\"https:\\\/\\\/www.dryject.com\\\/?s={search_term_string}\"},\"query-input\":{\"@type\":\"PropertyValueSpecification\",\"valueRequired\":true,\"valueName\":\"search_term_string\"}}],\"inLanguage\":\"es\"},{\"@type\":\"Organization\",\"@id\":\"https:\\\/\\\/www.dryject.com\\\/#organization\",\"name\":\"DryJect\",\"url\":\"https:\\\/\\\/www.dryject.com\\\/\",\"logo\":{\"@type\":\"ImageObject\",\"inLanguage\":\"es\",\"@id\":\"https:\\\/\\\/www.dryject.com\\\/#\\\/schema\\\/logo\\\/image\\\/\",\"url\":\"https:\\\/\\\/www.dryject.com\\\/wp-content\\\/uploads\\\/2025\\\/05\\\/DryJectLogoGreen_300_R_2.png\",\"contentUrl\":\"https:\\\/\\\/www.dryject.com\\\/wp-content\\\/uploads\\\/2025\\\/05\\\/DryJectLogoGreen_300_R_2.png\",\"width\":446,\"height\":94,\"caption\":\"DryJect\"},\"image\":{\"@id\":\"https:\\\/\\\/www.dryject.com\\\/#\\\/schema\\\/logo\\\/image\\\/\"},\"sameAs\":[\"https:\\\/\\\/www.facebook.com\\\/people\\\/DryJect\\\/100058309129930\\\/\",\"https:\\\/\\\/x.com\\\/DryJect\",\"https:\\\/\\\/www.instagram.com\\\/dryject_hq\\\/?__d=1\",\"https:\\\/\\\/www.youtube.com\\\/@dryjectnation\"]}]}<\/script>\n<!-- \/ Yoast SEO plugin. -->","yoast_head_json":{"title":"Privacy Policy - DryJect","description":"Learn how DryJect\u00ae protects your privacy. Read our policy on data collection, usage, and security for visitors, customers, and franchise inquiries.","robots":{"index":"index","follow":"follow","max-snippet":"max-snippet:-1","max-image-preview":"max-image-preview:large","max-video-preview":"max-video-preview:-1"},"canonical":"https:\/\/www.dryject.com\/es\/privacy-policy\/","og_locale":"es_MX","og_type":"article","og_title":"Privacy Policy - DryJect","og_description":"Learn how DryJect\u00ae protects your privacy. Read our policy on data collection, usage, and security for visitors, customers, and franchise inquiries.","og_url":"https:\/\/www.dryject.com\/es\/privacy-policy\/","og_site_name":"DryJect","article_publisher":"https:\/\/www.facebook.com\/people\/DryJect\/100058309129930\/","article_modified_time":"2025-08-06T19:56:45+00:00","twitter_card":"summary_large_image","twitter_site":"@DryJect","twitter_misc":{"Tiempo de lectura":"5 minutos"},"schema":{"@context":"https:\/\/schema.org","@graph":[{"@type":"WebPage","@id":"https:\/\/www.dryject.com\/privacy-policy\/","url":"https:\/\/www.dryject.com\/privacy-policy\/","name":"Privacy Policy - DryJect","isPartOf":{"@id":"https:\/\/www.dryject.com\/#website"},"datePublished":"2025-06-04T23:52:19+00:00","dateModified":"2025-08-06T19:56:45+00:00","description":"Learn how DryJect\u00ae protects your privacy. Read our policy on data collection, usage, and security for visitors, customers, and franchise inquiries.","breadcrumb":{"@id":"https:\/\/www.dryject.com\/privacy-policy\/#breadcrumb"},"inLanguage":"es","potentialAction":[{"@type":"ReadAction","target":["https:\/\/www.dryject.com\/privacy-policy\/"]}]},{"@type":"BreadcrumbList","@id":"https:\/\/www.dryject.com\/privacy-policy\/#breadcrumb","itemListElement":[{"@type":"ListItem","position":1,"name":"Home","item":"https:\/\/www.dryject.com\/"},{"@type":"ListItem","position":2,"name":"Privacy Policy"}]},{"@type":"WebSite","@id":"https:\/\/www.dryject.com\/#website","url":"https:\/\/www.dryject.com\/","name":"DryJect","description":"Aerification and soil amendments in one pass!","publisher":{"@id":"https:\/\/www.dryject.com\/#organization"},"potentialAction":[{"@type":"SearchAction","target":{"@type":"EntryPoint","urlTemplate":"https:\/\/www.dryject.com\/?s={search_term_string}"},"query-input":{"@type":"PropertyValueSpecification","valueRequired":true,"valueName":"search_term_string"}}],"inLanguage":"es"},{"@type":"Organization","@id":"https:\/\/www.dryject.com\/#organization","name":"DryJect","url":"https:\/\/www.dryject.com\/","logo":{"@type":"ImageObject","inLanguage":"es","@id":"https:\/\/www.dryject.com\/#\/schema\/logo\/image\/","url":"https:\/\/www.dryject.com\/wp-content\/uploads\/2025\/05\/DryJectLogoGreen_300_R_2.png","contentUrl":"https:\/\/www.dryject.com\/wp-content\/uploads\/2025\/05\/DryJectLogoGreen_300_R_2.png","width":446,"height":94,"caption":"DryJect"},"image":{"@id":"https:\/\/www.dryject.com\/#\/schema\/logo\/image\/"},"sameAs":["https:\/\/www.facebook.com\/people\/DryJect\/100058309129930\/","https:\/\/x.com\/DryJect","https:\/\/www.instagram.com\/dryject_hq\/?__d=1","https:\/\/www.youtube.com\/@dryjectnation"]}]}},"_links":{"self":[{"href":"https:\/\/www.dryject.com\/es\/wp-json\/wp\/v2\/pages\/5074","targetHints":{"allow":["GET"]}}],"collection":[{"href":"https:\/\/www.dryject.com\/es\/wp-json\/wp\/v2\/pages"}],"about":[{"href":"https:\/\/www.dryject.com\/es\/wp-json\/wp\/v2\/types\/page"}],"author":[{"embeddable":true,"href":"https:\/\/www.dryject.com\/es\/wp-json\/wp\/v2\/users\/104"}],"replies":[{"embeddable":true,"href":"https:\/\/www.dryject.com\/es\/wp-json\/wp\/v2\/comments?post=5074"}],"version-history":[{"count":10,"href":"https:\/\/www.dryject.com\/es\/wp-json\/wp\/v2\/pages\/5074\/revisions"}],"predecessor-version":[{"id":6080,"href":"https:\/\/www.dryject.com\/es\/wp-json\/wp\/v2\/pages\/5074\/revisions\/6080"}],"wp:attachment":[{"href":"https:\/\/www.dryject.com\/es\/wp-json\/wp\/v2\/media?parent=5074"}],"curies":[{"name":"wp","href":"https:\/\/api.w.org\/{rel}","templated":true}]}}